{"id":1593,"date":"2022-12-30T17:15:53","date_gmt":"2022-12-30T16:15:53","guid":{"rendered":"http:\/\/spots-bss.com\/?page_id=1593"},"modified":"2024-08-21T18:01:42","modified_gmt":"2024-08-21T16:01:42","slug":"impressum","status":"publish","type":"page","link":"https:\/\/spots-bss.com\/en\/about\/impressum\/","title":{"rendered":"Imprint"},"content":{"rendered":"<p><strong>SPOTS-BSS\u00ae GmbH &#8211; part of tegosgroup<\/strong><\/p>\n\n\n\n<p>Oslostra\u00dfe 2,<br>44269 Dortmund<br>Deutschland<\/p>\n\n\n\n<p>Phone: +49 231 31776 420<br>E-Mail: <a href=\"mailto:kontakt@spots-bss.com\">contact@spots-bss.com<\/a><\/p>\n\n\n\n<p>Responsible person within the meaning of \u00a7 55 Abs. 2 RStV:<br>Sonja Klimke, SPOTS-BSS GmbH, Oslostra\u00dfe 2, 44269 Dortmund<\/p>\n\n\n\n<p>Managing Director:<br>Commercial Register: Amtsgericht Dortmund<br>Registration Number: HRB 31928<br>Sales tax identification number according to \u00a7 27 a sales tax law:<\/p>\n\n\n\n<p>Platform of the European Commission for Online Dispute Resolution:&nbsp;&nbsp;<a rel=\"noreferrer noopener\" href=\"https:\/\/ec.europa.eu\/consumers\/odr\" target=\"_blank\">https:\/\/ec.europa.eu\/consumers\/odr<\/a><br>We are neither obligated nor willing to participate in dispute resolution proceedings before a consumer arbitration board.<\/p>\n\n\n\n<p>Member of the \"Fairness in Trade\" initiative.<br>For more Information: <a href=\"https:\/\/www.fairness-im-handel.de\">https:\/\/www.fairness-im-handel.de<\/a><\/p>","protected":false},"excerpt":{"rendered":"<p>SPOTS-BSS\u00ae GmbH &#8211; part of tegosgroup Oslostra\u00dfe 2,44269 DortmundDeutschland Telefon: +49 231 31776 420E-Mail: kontakt@spots-bss.com Verantwortliche\/r i.S.d. \u00a7 55 Abs. 2 RStV:Sonja Klimke, SPOTS-BSS GmbH, Oslostra\u00dfe 2, 44269 Dortmund Gesch\u00e4ftsf\u00fchrer: Sonja Klimke, Steffen Brinkmann und Andreas KullmannRegistergericht: Amtsgericht DortmundRegisternummer: HRB 31928Umsatzsteuer-Identifikationsnummer gem\u00e4\u00df \u00a7 27 a\u00a0Umsatzsteuergesetz: DE301847532 Plattform der EU-Kommission zur Online-Streitbeilegung:&nbsp;&nbsp;https:\/\/ec.europa.eu\/consumers\/odrWir sind zur Teilnahme an einem Streitbeilegungsverfahren vor einer Verbraucherschlichtungsstelle weder verpflichtet noch bereit. Mitglied der Initiative &#8222;Fairness im Handel&#8220;.N\u00e4here Informationen: https:\/\/www.fairness-im-handel.de<\/p>","protected":false},"author":1,"featured_media":0,"parent":119,"menu_order":0,"comment_status":"closed","ping_status":"closed","template":"","meta":{"footnotes":""},"class_list":["post-1593","page","type-page","status-publish","hentry"],"yoast_head":"<!-- This site is optimized with the Yoast SEO plugin v27.4 - https:\/\/yoast.com\/product\/yoast-seo-wordpress\/ -->\n<title>Impressum - Spots-BSS<\/title>\n<meta name=\"robots\" content=\"index, follow, max-snippet:-1, max-image-preview:large, max-video-preview:-1\" \/>\n<link rel=\"canonical\" href=\"https:\/\/spots-bss.com\/en\/about\/impressum\/\" \/>\n<meta property=\"og:locale\" content=\"en_GB\" \/>\n<meta property=\"og:type\" content=\"article\" \/>\n<meta property=\"og:title\" content=\"Impressum - Spots-BSS\" \/>\n<meta property=\"og:description\" content=\"SPOTS-BSS\u00ae GmbH &#8211; part of tegosgroup Oslostra\u00dfe 2,44269 DortmundDeutschland Telefon: +49 231 31776 420E-Mail: kontakt@spots-bss.com Verantwortliche\/r i.S.d. \u00a7 55 Abs. 2 RStV:Sonja Klimke, SPOTS-BSS GmbH, Oslostra\u00dfe 2, 44269 Dortmund Gesch\u00e4ftsf\u00fchrer: Sonja Klimke, Steffen Brinkmann und Andreas KullmannRegistergericht: Amtsgericht DortmundRegisternummer: HRB 31928Umsatzsteuer-Identifikationsnummer gem\u00e4\u00df \u00a7 27 a\u00a0Umsatzsteuergesetz: DE301847532 Plattform der EU-Kommission zur Online-Streitbeilegung:&nbsp;&nbsp;https:\/\/ec.europa.eu\/consumers\/odrWir sind zur Teilnahme an einem Streitbeilegungsverfahren vor einer Verbraucherschlichtungsstelle weder verpflichtet noch bereit. Mitglied der Initiative &#8222;Fairness im Handel&#8220;.N\u00e4here Informationen: https:\/\/www.fairness-im-handel.de\" \/>\n<meta property=\"og:url\" content=\"https:\/\/spots-bss.com\/en\/about\/impressum\/\" \/>\n<meta property=\"og:site_name\" content=\"Spots-BSS\" \/>\n<meta property=\"article:modified_time\" content=\"2024-08-21T16:01:42+00:00\" \/>\n<meta name=\"twitter:card\" content=\"summary_large_image\" \/>\n<meta name=\"twitter:label1\" content=\"Estimated reading time\" \/>\n\t<meta name=\"twitter:data1\" content=\"1 minute\" \/>\n<script type=\"application\/ld+json\" class=\"yoast-schema-graph\">{\"@context\":\"https:\\\/\\\/schema.org\",\"@graph\":[{\"@type\":\"WebPage\",\"@id\":\"https:\\\/\\\/spots-bss.com\\\/about\\\/impressum\\\/\",\"url\":\"https:\\\/\\\/spots-bss.com\\\/about\\\/impressum\\\/\",\"name\":\"Impressum - Spots-BSS\",\"isPartOf\":{\"@id\":\"https:\\\/\\\/spots-bss.com\\\/#website\"},\"datePublished\":\"2022-12-30T16:15:53+00:00\",\"dateModified\":\"2024-08-21T16:01:42+00:00\",\"breadcrumb\":{\"@id\":\"https:\\\/\\\/spots-bss.com\\\/about\\\/impressum\\\/#breadcrumb\"},\"inLanguage\":\"en-GB\",\"potentialAction\":[{\"@type\":\"ReadAction\",\"target\":[\"https:\\\/\\\/spots-bss.com\\\/about\\\/impressum\\\/\"]}]},{\"@type\":\"BreadcrumbList\",\"@id\":\"https:\\\/\\\/spots-bss.com\\\/about\\\/impressum\\\/#breadcrumb\",\"itemListElement\":[{\"@type\":\"ListItem\",\"position\":1,\"name\":\"\u00dcber uns\",\"item\":\"https:\\\/\\\/spots-bss.com\\\/about\\\/\"},{\"@type\":\"ListItem\",\"position\":2,\"name\":\"Impressum\"}]},{\"@type\":\"WebSite\",\"@id\":\"https:\\\/\\\/spots-bss.com\\\/#website\",\"url\":\"https:\\\/\\\/spots-bss.com\\\/\",\"name\":\"Spots-BSS\",\"description\":\"Gemeinsam Ziele erreichen!\",\"publisher\":{\"@id\":\"https:\\\/\\\/spots-bss.com\\\/#organization\"},\"potentialAction\":[{\"@type\":\"SearchAction\",\"target\":{\"@type\":\"EntryPoint\",\"urlTemplate\":\"https:\\\/\\\/spots-bss.com\\\/?s={search_term_string}\"},\"query-input\":{\"@type\":\"PropertyValueSpecification\",\"valueRequired\":true,\"valueName\":\"search_term_string\"}}],\"inLanguage\":\"en-GB\"},{\"@type\":\"Organization\",\"@id\":\"https:\\\/\\\/spots-bss.com\\\/#organization\",\"name\":\"Spots-BSS\",\"url\":\"https:\\\/\\\/spots-bss.com\\\/\",\"logo\":{\"@type\":\"ImageObject\",\"inLanguage\":\"en-GB\",\"@id\":\"https:\\\/\\\/spots-bss.com\\\/#\\\/schema\\\/logo\\\/image\\\/\",\"url\":\"https:\\\/\\\/spots-bss.com\\\/wp-content\\\/uploads\\\/2024\\\/03\\\/spots-int-scaled.webp\",\"contentUrl\":\"https:\\\/\\\/spots-bss.com\\\/wp-content\\\/uploads\\\/2024\\\/03\\\/spots-int-scaled.webp\",\"width\":2560,\"height\":780,\"caption\":\"Spots-BSS\"},\"image\":{\"@id\":\"https:\\\/\\\/spots-bss.com\\\/#\\\/schema\\\/logo\\\/image\\\/\"}}]}<\/script>\n<!-- \/ Yoast SEO plugin. -->","yoast_head_json":{"title":"Impressum - Spots-BSS","robots":{"index":"index","follow":"follow","max-snippet":"max-snippet:-1","max-image-preview":"max-image-preview:large","max-video-preview":"max-video-preview:-1"},"canonical":"https:\/\/spots-bss.com\/en\/about\/impressum\/","og_locale":"en_GB","og_type":"article","og_title":"Impressum - Spots-BSS","og_description":"SPOTS-BSS\u00ae GmbH &#8211; part of tegosgroup Oslostra\u00dfe 2,44269 DortmundDeutschland Telefon: +49 231 31776 420E-Mail: kontakt@spots-bss.com Verantwortliche\/r i.S.d. \u00a7 55 Abs. 2 RStV:Sonja Klimke, SPOTS-BSS GmbH, Oslostra\u00dfe 2, 44269 Dortmund Gesch\u00e4ftsf\u00fchrer: Sonja Klimke, Steffen Brinkmann und Andreas KullmannRegistergericht: Amtsgericht DortmundRegisternummer: HRB 31928Umsatzsteuer-Identifikationsnummer gem\u00e4\u00df \u00a7 27 a\u00a0Umsatzsteuergesetz: DE301847532 Plattform der EU-Kommission zur Online-Streitbeilegung:&nbsp;&nbsp;https:\/\/ec.europa.eu\/consumers\/odrWir sind zur Teilnahme an einem Streitbeilegungsverfahren vor einer Verbraucherschlichtungsstelle weder verpflichtet noch bereit. Mitglied der Initiative &#8222;Fairness im Handel&#8220;.N\u00e4here Informationen: https:\/\/www.fairness-im-handel.de","og_url":"https:\/\/spots-bss.com\/en\/about\/impressum\/","og_site_name":"Spots-BSS","article_modified_time":"2024-08-21T16:01:42+00:00","twitter_card":"summary_large_image","twitter_misc":{"Estimated reading time":"1 minute"},"schema":{"@context":"https:\/\/schema.org","@graph":[{"@type":"WebPage","@id":"https:\/\/spots-bss.com\/about\/impressum\/","url":"https:\/\/spots-bss.com\/about\/impressum\/","name":"Impressum - Spots-BSS","isPartOf":{"@id":"https:\/\/spots-bss.com\/#website"},"datePublished":"2022-12-30T16:15:53+00:00","dateModified":"2024-08-21T16:01:42+00:00","breadcrumb":{"@id":"https:\/\/spots-bss.com\/about\/impressum\/#breadcrumb"},"inLanguage":"en-GB","potentialAction":[{"@type":"ReadAction","target":["https:\/\/spots-bss.com\/about\/impressum\/"]}]},{"@type":"BreadcrumbList","@id":"https:\/\/spots-bss.com\/about\/impressum\/#breadcrumb","itemListElement":[{"@type":"ListItem","position":1,"name":"\u00dcber uns","item":"https:\/\/spots-bss.com\/about\/"},{"@type":"ListItem","position":2,"name":"Impressum"}]},{"@type":"WebSite","@id":"https:\/\/spots-bss.com\/#website","url":"https:\/\/spots-bss.com\/","name":"Spots-BSS","description":"Achieving goals together!","publisher":{"@id":"https:\/\/spots-bss.com\/#organization"},"potentialAction":[{"@type":"SearchAction","target":{"@type":"EntryPoint","urlTemplate":"https:\/\/spots-bss.com\/?s={search_term_string}"},"query-input":{"@type":"PropertyValueSpecification","valueRequired":true,"valueName":"search_term_string"}}],"inLanguage":"en-GB"},{"@type":"Organization","@id":"https:\/\/spots-bss.com\/#organization","name":"Spots-BSS","url":"https:\/\/spots-bss.com\/","logo":{"@type":"ImageObject","inLanguage":"en-GB","@id":"https:\/\/spots-bss.com\/#\/schema\/logo\/image\/","url":"https:\/\/spots-bss.com\/wp-content\/uploads\/2024\/03\/spots-int-scaled.webp","contentUrl":"https:\/\/spots-bss.com\/wp-content\/uploads\/2024\/03\/spots-int-scaled.webp","width":2560,"height":780,"caption":"Spots-BSS"},"image":{"@id":"https:\/\/spots-bss.com\/#\/schema\/logo\/image\/"}}]}},"_links":{"self":[{"href":"https:\/\/spots-bss.com\/en\/wp-json\/wp\/v2\/pages\/1593","targetHints":{"allow":["GET"]}}],"collection":[{"href":"https:\/\/spots-bss.com\/en\/wp-json\/wp\/v2\/pages"}],"about":[{"href":"https:\/\/spots-bss.com\/en\/wp-json\/wp\/v2\/types\/page"}],"author":[{"embeddable":true,"href":"https:\/\/spots-bss.com\/en\/wp-json\/wp\/v2\/users\/1"}],"replies":[{"embeddable":true,"href":"https:\/\/spots-bss.com\/en\/wp-json\/wp\/v2\/comments?post=1593"}],"version-history":[{"count":6,"href":"https:\/\/spots-bss.com\/en\/wp-json\/wp\/v2\/pages\/1593\/revisions"}],"predecessor-version":[{"id":3221,"href":"https:\/\/spots-bss.com\/en\/wp-json\/wp\/v2\/pages\/1593\/revisions\/3221"}],"up":[{"embeddable":true,"href":"https:\/\/spots-bss.com\/en\/wp-json\/wp\/v2\/pages\/119"}],"wp:attachment":[{"href":"https:\/\/spots-bss.com\/en\/wp-json\/wp\/v2\/media?parent=1593"}],"curies":[{"name":"wp","href":"https:\/\/api.w.org\/{rel}","templated":true}]}}