{"id":3773,"date":"2025-07-08T11:16:56","date_gmt":"2025-07-08T09:16:56","guid":{"rendered":"https:\/\/spots-bss.com\/?page_id=3773"},"modified":"2026-03-09T11:39:30","modified_gmt":"2026-03-09T10:39:30","slug":"spots-apps","status":"publish","type":"page","link":"https:\/\/spots-bss.com\/en\/spots-apps\/","title":{"rendered":"SPOTS-APPs"},"content":{"rendered":"<div data-elementor-type=\"wp-page\" data-elementor-id=\"3773\" class=\"elementor elementor-3773\">\n\t\t\t\t\t\t<section class=\"elementor-section elementor-top-section elementor-element elementor-element-a2c1498 elementor-section-boxed elementor-section-height-default elementor-section-height-default wpr-particle-no wpr-jarallax-no wpr-parallax-no wpr-sticky-section-no wpr-equal-height-no\" data-id=\"a2c1498\" data-element_type=\"section\" data-e-type=\"section\">\n\t\t\t\t\t\t<div class=\"elementor-container elementor-column-gap-default\">\n\t\t\t\t\t<div class=\"elementor-column elementor-col-33 elementor-top-column elementor-element elementor-element-ba687ed\" data-id=\"ba687ed\" data-element_type=\"column\" data-e-type=\"column\" data-settings=\"{&quot;background_background&quot;:&quot;classic&quot;}\">\n\t\t\t<div class=\"elementor-widget-wrap elementor-element-populated\">\n\t\t\t\t\t\t<div class=\"elementor-element elementor-element-fdbe4c0 elementor-position-top elementor-widget elementor-widget-image-box\" data-id=\"fdbe4c0\" data-element_type=\"widget\" data-e-type=\"widget\" data-widget_type=\"image-box.default\">\n\t\t\t\t<div class=\"elementor-widget-container\">\n\t\t\t\t\t<div class=\"elementor-image-box-wrapper\"><figure class=\"elementor-image-box-img\"><img fetchpriority=\"high\" decoding=\"async\" width=\"300\" height=\"300\" src=\"https:\/\/spots-bss.com\/wp-content\/uploads\/2025\/07\/ScaleSPOT_Icon-300x300.png\" class=\"attachment-medium size-medium wp-image-3776\" alt=\"\" srcset=\"https:\/\/spots-bss.com\/wp-content\/uploads\/2025\/07\/ScaleSPOT_Icon-300x300.png 300w, https:\/\/spots-bss.com\/wp-content\/uploads\/2025\/07\/ScaleSPOT_Icon-150x150.png 150w, https:\/\/spots-bss.com\/wp-content\/uploads\/2025\/07\/ScaleSPOT_Icon-12x12.png 12w, https:\/\/spots-bss.com\/wp-content\/uploads\/2025\/07\/ScaleSPOT_Icon.png 350w\" sizes=\"(max-width: 300px) 100vw, 300px\" \/><\/figure><div class=\"elementor-image-box-content\"><h3 class=\"elementor-image-box-title\">ScaleSPOT<\/h3><p class=\"elementor-image-box-description\"><b><!--StartFragment--><span data-olk-copy-source=\"MessageBody\" style=\"margin: 0px\">Performance Tools f\u00fcr Ihre Skalierung<\/span><br><!--EndFragment--><\/b><br>\"Weighing\" - an issue that appears or can appear again and again in various constellations and processes.<br><br>From weighing in incoming goods, for example with bulk goods, or in outgoing goods, because you need and want to know how heavy a package, a pallet, etc. actually is - right up to inventory. You can activate this special APP individually in every available module in which a weighing process makes sense.<br><br>We are happy to support you with activation and the first steps! <\/p><\/div><\/div>\t\t\t\t<\/div>\n\t\t\t\t<\/div>\n\t\t\t\t\t<\/div>\n\t\t<\/div>\n\t\t\t\t<div class=\"elementor-column elementor-col-33 elementor-top-column elementor-element elementor-element-3f6d1f0\" data-id=\"3f6d1f0\" data-element_type=\"column\" data-e-type=\"column\">\n\t\t\t<div class=\"elementor-widget-wrap elementor-element-populated\">\n\t\t\t\t\t\t<div class=\"elementor-element elementor-element-cc23170 elementor-position-top elementor-widget elementor-widget-image-box\" data-id=\"cc23170\" data-element_type=\"widget\" data-e-type=\"widget\" data-widget_type=\"image-box.default\">\n\t\t\t\t<div class=\"elementor-widget-container\">\n\t\t\t\t\t<div class=\"elementor-image-box-wrapper\"><figure class=\"elementor-image-box-img\"><img decoding=\"async\" width=\"300\" height=\"300\" src=\"https:\/\/spots-bss.com\/wp-content\/uploads\/2025\/07\/ScanSPOT_Icon-300x300.png\" class=\"attachment-medium size-medium wp-image-3777\" alt=\"\" srcset=\"https:\/\/spots-bss.com\/wp-content\/uploads\/2025\/07\/ScanSPOT_Icon-300x300.png 300w, https:\/\/spots-bss.com\/wp-content\/uploads\/2025\/07\/ScanSPOT_Icon-150x150.png 150w, https:\/\/spots-bss.com\/wp-content\/uploads\/2025\/07\/ScanSPOT_Icon-12x12.png 12w, https:\/\/spots-bss.com\/wp-content\/uploads\/2025\/07\/ScanSPOT_Icon.png 350w\" sizes=\"(max-width: 300px) 100vw, 300px\" \/><\/figure><div class=\"elementor-image-box-content\"><h3 class=\"elementor-image-box-title\">ScanSPOT<\/h3><p class=\"elementor-image-box-description\"><b>Schnelleres Scannen von Barcodes und Etiketten<\/b><p><br>\n\nSimply \u201cscan\u201d... our \u2018ScanSPOT\u2019 app supports you in the warehouse area with the \u201cscanning\u201d process using a streamlined, compact solution.\n<br><br>\nStandard-compatible with Business Central and seamlessly integrated, using this app you can scan items and more - from simple warehouse processes to logistics-related tasks. In particular, during inventory, an invaluable help!\n<br><br>\nPlease contact us for a demonstration!<\/p><\/div><\/div>\t\t\t\t<\/div>\n\t\t\t\t<\/div>\n\t\t\t\t\t<\/div>\n\t\t<\/div>\n\t\t\t\t<div class=\"elementor-column elementor-col-33 elementor-top-column elementor-element elementor-element-c9951ef\" data-id=\"c9951ef\" data-element_type=\"column\" data-e-type=\"column\">\n\t\t\t<div class=\"elementor-widget-wrap elementor-element-populated\">\n\t\t\t\t\t\t<div class=\"elementor-element elementor-element-512de58 elementor-position-top elementor-widget elementor-widget-image-box\" data-id=\"512de58\" data-element_type=\"widget\" data-e-type=\"widget\" data-widget_type=\"image-box.default\">\n\t\t\t\t<div class=\"elementor-widget-container\">\n\t\t\t\t\t<div class=\"elementor-image-box-wrapper\"><figure class=\"elementor-image-box-img\"><img decoding=\"async\" width=\"300\" height=\"300\" src=\"https:\/\/spots-bss.com\/wp-content\/uploads\/2025\/11\/PackSPOT_2-300x300.png\" class=\"attachment-medium size-medium wp-image-4500\" alt=\"\" srcset=\"https:\/\/spots-bss.com\/wp-content\/uploads\/2025\/11\/PackSPOT_2-300x300.png 300w, https:\/\/spots-bss.com\/wp-content\/uploads\/2025\/11\/PackSPOT_2-150x150.png 150w, https:\/\/spots-bss.com\/wp-content\/uploads\/2025\/11\/PackSPOT_2-12x12.png 12w, https:\/\/spots-bss.com\/wp-content\/uploads\/2025\/11\/PackSPOT_2.png 350w\" sizes=\"(max-width: 300px) 100vw, 300px\" \/><\/figure><div class=\"elementor-image-box-content\"><h3 class=\"elementor-image-box-title\">PackSPOT<\/h3><p class=\"elementor-image-box-description\"><b>Optimierung von Verpackung &amp; Versand<\/b><p><br>\n\nDas Thema \"Verpackung\" und \"Verpackungsmaterial\" ist bei vielen Unternehmen immer wieder ein Thema. Vielen Unternehmen ist zudem oft nicht bewusst, dass sie sich bei dem sogenannten \"Verpackungsregister\" anmelden m\u00fcssen und in regelm\u00e4\u00dfigen Abst\u00e4nden die von ihnen in Umlauf gebrachten Verpackungsmaterialien melden m\u00fcssen. <br> Um dieses Thema f\u00fcr Sie zu vereinfachen und per Knopfdruck aus Business Central heraus, dass verwendete Material mit zu dokumentieren, haben Steffen Brinkmann und Team eine eigene APP entwickelt. <br><br>\nPlease contact us for a demonstration!<\/p><\/div><\/div>\t\t\t\t<\/div>\n\t\t\t\t<\/div>\n\t\t\t\t\t<\/div>\n\t\t<\/div>\n\t\t\t\t\t<\/div>\n\t\t<\/section>\n\t\t\t\t<\/div>","protected":false},"excerpt":{"rendered":"<p>ScaleSPOT Performance Tools f\u00fcr Ihre Skalierung&#8222;Wiegen&#8220; &#8211; ein Thema, dass immer wieder in den verschiedenen Konstellationen und Prozessen auftaucht bzw. auftauchen kann. Vom Verwiegen im Wareneingang beispielsweise bei Sch\u00fcttgut oder beim Warenausgang, weil Sie wissen m\u00fcssen und wollen, wie schwer ein Paket, eine Palette, etc. tats\u00e4chlich sind &#8211; bis hin zur Inventur &#8211; diese besondere APP k\u00f6nnen Sie individuell in jedem verf\u00fcgbaren Modul, in dem ein Wiegeprozess Sinn macht, aktivieren. Gerne unterst\u00fctzen wir Sie beim Aktivieren und bei den ersten Schritten! ScanSPOT Schnelleres Scannen von Barcodes und Etiketten Einfaches &#8222;abscannen&#8220;&#8230; unsere APP &#8222;ScanSPOT&#8220; unterst\u00fctzt Sie im Lagerbereich bei dem Prozess &#8222;Scannen&#8220; mit einer schlanken, kleinen L\u00f6sung. Standardnah zu Business Central und nahtlos integriert, k\u00f6nnen Sie mithilfe dieser APP von einfachen Lagerprozessen bis hin zu logistikrelevanten Vorg\u00e4ngen Artikel und mehr scannen. Gerade in Zusammenhang mit der Inventur eine unsch\u00e4tzbare Hilfe! Melden Sie sich gern f\u00fcr einen Pr\u00e4sentation! PackSPOT Optimierung von Verpackung &amp; Versand Das Thema &#8222;Verpackung&#8220; und &#8222;Verpackungsmaterial&#8220; ist bei vielen Unternehmen immer wieder ein Thema. Vielen Unternehmen ist zudem oft nicht bewusst, dass sie sich bei dem sogenannten &#8222;Verpackungsregister&#8220; anmelden m\u00fcssen und in regelm\u00e4\u00dfigen Abst\u00e4nden die von ihnen in Umlauf gebrachten Verpackungsmaterialien melden m\u00fcssen. Um dieses Thema f\u00fcr Sie zu vereinfachen und per Knopfdruck aus Business Central heraus, dass verwendete Material mit zu dokumentieren, haben Steffen Brinkmann und Team eine eigene APP entwickelt. Melden Sie sich gerne bei uns f\u00fcr eine Pr\u00e4sentation!<\/p>","protected":false},"author":1,"featured_media":0,"parent":0,"menu_order":0,"comment_status":"closed","ping_status":"closed","template":"","meta":{"footnotes":""},"class_list":["post-3773","page","type-page","status-publish","hentry"],"yoast_head":"<!-- This site is optimized with the Yoast SEO plugin v27.4 - https:\/\/yoast.com\/product\/yoast-seo-wordpress\/ -->\n<title>SPOTS-APPs - Spots-BSS<\/title>\n<meta name=\"robots\" content=\"index, follow, max-snippet:-1, max-image-preview:large, max-video-preview:-1\" \/>\n<link rel=\"canonical\" href=\"https:\/\/spots-bss.com\/en\/spots-apps\/\" \/>\n<meta property=\"og:locale\" content=\"en_GB\" \/>\n<meta property=\"og:type\" content=\"article\" \/>\n<meta property=\"og:title\" content=\"SPOTS-APPs - Spots-BSS\" \/>\n<meta property=\"og:description\" content=\"ScaleSPOT Performance Tools f\u00fcr Ihre Skalierung&#8222;Wiegen&#8220; &#8211; ein Thema, dass immer wieder in den verschiedenen Konstellationen und Prozessen auftaucht bzw. auftauchen kann. Vom Verwiegen im Wareneingang beispielsweise bei Sch\u00fcttgut oder beim Warenausgang, weil Sie wissen m\u00fcssen und wollen, wie schwer ein Paket, eine Palette, etc. tats\u00e4chlich sind &#8211; bis hin zur Inventur &#8211; diese besondere APP k\u00f6nnen Sie individuell in jedem verf\u00fcgbaren Modul, in dem ein Wiegeprozess Sinn macht, aktivieren. Gerne unterst\u00fctzen wir Sie beim Aktivieren und bei den ersten Schritten! ScanSPOT Schnelleres Scannen von Barcodes und Etiketten Einfaches &#8222;abscannen&#8220;&#8230; unsere APP &#8222;ScanSPOT&#8220; unterst\u00fctzt Sie im Lagerbereich bei dem Prozess &#8222;Scannen&#8220; mit einer schlanken, kleinen L\u00f6sung. Standardnah zu Business Central und nahtlos integriert, k\u00f6nnen Sie mithilfe dieser APP von einfachen Lagerprozessen bis hin zu logistikrelevanten Vorg\u00e4ngen Artikel und mehr scannen. Gerade in Zusammenhang mit der Inventur eine unsch\u00e4tzbare Hilfe! Melden Sie sich gern f\u00fcr einen Pr\u00e4sentation! PackSPOT Optimierung von Verpackung &amp; Versand Das Thema &#8222;Verpackung&#8220; und &#8222;Verpackungsmaterial&#8220; ist bei vielen Unternehmen immer wieder ein Thema. Vielen Unternehmen ist zudem oft nicht bewusst, dass sie sich bei dem sogenannten &#8222;Verpackungsregister&#8220; anmelden m\u00fcssen und in regelm\u00e4\u00dfigen Abst\u00e4nden die von ihnen in Umlauf gebrachten Verpackungsmaterialien melden m\u00fcssen. Um dieses Thema f\u00fcr Sie zu vereinfachen und per Knopfdruck aus Business Central heraus, dass verwendete Material mit zu dokumentieren, haben Steffen Brinkmann und Team eine eigene APP entwickelt. Melden Sie sich gerne bei uns f\u00fcr eine Pr\u00e4sentation!\" \/>\n<meta property=\"og:url\" content=\"https:\/\/spots-bss.com\/en\/spots-apps\/\" \/>\n<meta property=\"og:site_name\" content=\"Spots-BSS\" \/>\n<meta property=\"article:modified_time\" content=\"2026-03-09T10:39:30+00:00\" \/>\n<meta property=\"og:image\" content=\"https:\/\/spots-bss.com\/wp-content\/uploads\/2025\/07\/ScaleSPOT_Icon.png\" \/>\n\t<meta property=\"og:image:width\" content=\"350\" \/>\n\t<meta property=\"og:image:height\" content=\"350\" \/>\n\t<meta property=\"og:image:type\" content=\"image\/png\" \/>\n<meta name=\"twitter:card\" content=\"summary_large_image\" \/>\n<meta name=\"twitter:label1\" content=\"Estimated reading time\" \/>\n\t<meta name=\"twitter:data1\" content=\"2 minutes\" \/>\n<script type=\"application\/ld+json\" class=\"yoast-schema-graph\">{\"@context\":\"https:\\\/\\\/schema.org\",\"@graph\":[{\"@type\":\"WebPage\",\"@id\":\"https:\\\/\\\/spots-bss.com\\\/spots-apps\\\/\",\"url\":\"https:\\\/\\\/spots-bss.com\\\/spots-apps\\\/\",\"name\":\"SPOTS-APPs - Spots-BSS\",\"isPartOf\":{\"@id\":\"https:\\\/\\\/spots-bss.com\\\/#website\"},\"primaryImageOfPage\":{\"@id\":\"https:\\\/\\\/spots-bss.com\\\/spots-apps\\\/#primaryimage\"},\"image\":{\"@id\":\"https:\\\/\\\/spots-bss.com\\\/spots-apps\\\/#primaryimage\"},\"thumbnailUrl\":\"https:\\\/\\\/spots-bss.com\\\/wp-content\\\/uploads\\\/2025\\\/07\\\/ScaleSPOT_Icon-300x300.png\",\"datePublished\":\"2025-07-08T09:16:56+00:00\",\"dateModified\":\"2026-03-09T10:39:30+00:00\",\"inLanguage\":\"en-GB\",\"potentialAction\":[{\"@type\":\"ReadAction\",\"target\":[\"https:\\\/\\\/spots-bss.com\\\/spots-apps\\\/\"]}]},{\"@type\":\"ImageObject\",\"inLanguage\":\"en-GB\",\"@id\":\"https:\\\/\\\/spots-bss.com\\\/spots-apps\\\/#primaryimage\",\"url\":\"https:\\\/\\\/spots-bss.com\\\/wp-content\\\/uploads\\\/2025\\\/07\\\/ScaleSPOT_Icon-300x300.png\",\"contentUrl\":\"https:\\\/\\\/spots-bss.com\\\/wp-content\\\/uploads\\\/2025\\\/07\\\/ScaleSPOT_Icon-300x300.png\"},{\"@type\":\"WebSite\",\"@id\":\"https:\\\/\\\/spots-bss.com\\\/#website\",\"url\":\"https:\\\/\\\/spots-bss.com\\\/\",\"name\":\"Spots-BSS\",\"description\":\"Gemeinsam Ziele erreichen!\",\"publisher\":{\"@id\":\"https:\\\/\\\/spots-bss.com\\\/#organization\"},\"potentialAction\":[{\"@type\":\"SearchAction\",\"target\":{\"@type\":\"EntryPoint\",\"urlTemplate\":\"https:\\\/\\\/spots-bss.com\\\/?s={search_term_string}\"},\"query-input\":{\"@type\":\"PropertyValueSpecification\",\"valueRequired\":true,\"valueName\":\"search_term_string\"}}],\"inLanguage\":\"en-GB\"},{\"@type\":\"Organization\",\"@id\":\"https:\\\/\\\/spots-bss.com\\\/#organization\",\"name\":\"Spots-BSS\",\"url\":\"https:\\\/\\\/spots-bss.com\\\/\",\"logo\":{\"@type\":\"ImageObject\",\"inLanguage\":\"en-GB\",\"@id\":\"https:\\\/\\\/spots-bss.com\\\/#\\\/schema\\\/logo\\\/image\\\/\",\"url\":\"https:\\\/\\\/spots-bss.com\\\/wp-content\\\/uploads\\\/2024\\\/03\\\/spots-int-scaled.webp\",\"contentUrl\":\"https:\\\/\\\/spots-bss.com\\\/wp-content\\\/uploads\\\/2024\\\/03\\\/spots-int-scaled.webp\",\"width\":2560,\"height\":780,\"caption\":\"Spots-BSS\"},\"image\":{\"@id\":\"https:\\\/\\\/spots-bss.com\\\/#\\\/schema\\\/logo\\\/image\\\/\"}}]}<\/script>\n<!-- \/ Yoast SEO plugin. -->","yoast_head_json":{"title":"SPOTS-APPs - Spots-BSS","robots":{"index":"index","follow":"follow","max-snippet":"max-snippet:-1","max-image-preview":"max-image-preview:large","max-video-preview":"max-video-preview:-1"},"canonical":"https:\/\/spots-bss.com\/en\/spots-apps\/","og_locale":"en_GB","og_type":"article","og_title":"SPOTS-APPs - Spots-BSS","og_description":"ScaleSPOT Performance Tools f\u00fcr Ihre Skalierung&#8222;Wiegen&#8220; &#8211; ein Thema, dass immer wieder in den verschiedenen Konstellationen und Prozessen auftaucht bzw. auftauchen kann. Vom Verwiegen im Wareneingang beispielsweise bei Sch\u00fcttgut oder beim Warenausgang, weil Sie wissen m\u00fcssen und wollen, wie schwer ein Paket, eine Palette, etc. tats\u00e4chlich sind &#8211; bis hin zur Inventur &#8211; diese besondere APP k\u00f6nnen Sie individuell in jedem verf\u00fcgbaren Modul, in dem ein Wiegeprozess Sinn macht, aktivieren. Gerne unterst\u00fctzen wir Sie beim Aktivieren und bei den ersten Schritten! ScanSPOT Schnelleres Scannen von Barcodes und Etiketten Einfaches &#8222;abscannen&#8220;&#8230; unsere APP &#8222;ScanSPOT&#8220; unterst\u00fctzt Sie im Lagerbereich bei dem Prozess &#8222;Scannen&#8220; mit einer schlanken, kleinen L\u00f6sung. Standardnah zu Business Central und nahtlos integriert, k\u00f6nnen Sie mithilfe dieser APP von einfachen Lagerprozessen bis hin zu logistikrelevanten Vorg\u00e4ngen Artikel und mehr scannen. Gerade in Zusammenhang mit der Inventur eine unsch\u00e4tzbare Hilfe! Melden Sie sich gern f\u00fcr einen Pr\u00e4sentation! PackSPOT Optimierung von Verpackung &amp; Versand Das Thema &#8222;Verpackung&#8220; und &#8222;Verpackungsmaterial&#8220; ist bei vielen Unternehmen immer wieder ein Thema. Vielen Unternehmen ist zudem oft nicht bewusst, dass sie sich bei dem sogenannten &#8222;Verpackungsregister&#8220; anmelden m\u00fcssen und in regelm\u00e4\u00dfigen Abst\u00e4nden die von ihnen in Umlauf gebrachten Verpackungsmaterialien melden m\u00fcssen. Um dieses Thema f\u00fcr Sie zu vereinfachen und per Knopfdruck aus Business Central heraus, dass verwendete Material mit zu dokumentieren, haben Steffen Brinkmann und Team eine eigene APP entwickelt. Melden Sie sich gerne bei uns f\u00fcr eine Pr\u00e4sentation!","og_url":"https:\/\/spots-bss.com\/en\/spots-apps\/","og_site_name":"Spots-BSS","article_modified_time":"2026-03-09T10:39:30+00:00","og_image":[{"width":350,"height":350,"url":"https:\/\/spots-bss.com\/wp-content\/uploads\/2025\/07\/ScaleSPOT_Icon.png","type":"image\/png"}],"twitter_card":"summary_large_image","twitter_misc":{"Estimated reading time":"2 minutes"},"schema":{"@context":"https:\/\/schema.org","@graph":[{"@type":"WebPage","@id":"https:\/\/spots-bss.com\/spots-apps\/","url":"https:\/\/spots-bss.com\/spots-apps\/","name":"SPOTS-APPs - Spots-BSS","isPartOf":{"@id":"https:\/\/spots-bss.com\/#website"},"primaryImageOfPage":{"@id":"https:\/\/spots-bss.com\/spots-apps\/#primaryimage"},"image":{"@id":"https:\/\/spots-bss.com\/spots-apps\/#primaryimage"},"thumbnailUrl":"https:\/\/spots-bss.com\/wp-content\/uploads\/2025\/07\/ScaleSPOT_Icon-300x300.png","datePublished":"2025-07-08T09:16:56+00:00","dateModified":"2026-03-09T10:39:30+00:00","inLanguage":"en-GB","potentialAction":[{"@type":"ReadAction","target":["https:\/\/spots-bss.com\/spots-apps\/"]}]},{"@type":"ImageObject","inLanguage":"en-GB","@id":"https:\/\/spots-bss.com\/spots-apps\/#primaryimage","url":"https:\/\/spots-bss.com\/wp-content\/uploads\/2025\/07\/ScaleSPOT_Icon-300x300.png","contentUrl":"https:\/\/spots-bss.com\/wp-content\/uploads\/2025\/07\/ScaleSPOT_Icon-300x300.png"},{"@type":"WebSite","@id":"https:\/\/spots-bss.com\/#website","url":"https:\/\/spots-bss.com\/","name":"Spots-BSS","description":"Achieving goals together!","publisher":{"@id":"https:\/\/spots-bss.com\/#organization"},"potentialAction":[{"@type":"SearchAction","target":{"@type":"EntryPoint","urlTemplate":"https:\/\/spots-bss.com\/?s={search_term_string}"},"query-input":{"@type":"PropertyValueSpecification","valueRequired":true,"valueName":"search_term_string"}}],"inLanguage":"en-GB"},{"@type":"Organization","@id":"https:\/\/spots-bss.com\/#organization","name":"Spots-BSS","url":"https:\/\/spots-bss.com\/","logo":{"@type":"ImageObject","inLanguage":"en-GB","@id":"https:\/\/spots-bss.com\/#\/schema\/logo\/image\/","url":"https:\/\/spots-bss.com\/wp-content\/uploads\/2024\/03\/spots-int-scaled.webp","contentUrl":"https:\/\/spots-bss.com\/wp-content\/uploads\/2024\/03\/spots-int-scaled.webp","width":2560,"height":780,"caption":"Spots-BSS"},"image":{"@id":"https:\/\/spots-bss.com\/#\/schema\/logo\/image\/"}}]}},"_links":{"self":[{"href":"https:\/\/spots-bss.com\/en\/wp-json\/wp\/v2\/pages\/3773","targetHints":{"allow":["GET"]}}],"collection":[{"href":"https:\/\/spots-bss.com\/en\/wp-json\/wp\/v2\/pages"}],"about":[{"href":"https:\/\/spots-bss.com\/en\/wp-json\/wp\/v2\/types\/page"}],"author":[{"embeddable":true,"href":"https:\/\/spots-bss.com\/en\/wp-json\/wp\/v2\/users\/1"}],"replies":[{"embeddable":true,"href":"https:\/\/spots-bss.com\/en\/wp-json\/wp\/v2\/comments?post=3773"}],"version-history":[{"count":38,"href":"https:\/\/spots-bss.com\/en\/wp-json\/wp\/v2\/pages\/3773\/revisions"}],"predecessor-version":[{"id":4594,"href":"https:\/\/spots-bss.com\/en\/wp-json\/wp\/v2\/pages\/3773\/revisions\/4594"}],"wp:attachment":[{"href":"https:\/\/spots-bss.com\/en\/wp-json\/wp\/v2\/media?parent=3773"}],"curies":[{"name":"wp","href":"https:\/\/api.w.org\/{rel}","templated":true}]}}