{"id":4409,"date":"2025-11-04T14:16:54","date_gmt":"2025-11-04T13:16:54","guid":{"rendered":"https:\/\/spots-bss.com\/?page_id=4409"},"modified":"2025-11-05T10:59:02","modified_gmt":"2025-11-05T09:59:02","slug":"compliance","status":"publish","type":"page","link":"https:\/\/spots-bss.com\/en\/compliance\/","title":{"rendered":"Compliance"},"content":{"rendered":"<div data-elementor-type=\"wp-page\" data-elementor-id=\"4409\" class=\"elementor elementor-4409\">\n\t\t\t\t\t\t<section class=\"elementor-section elementor-top-section elementor-element elementor-element-c8c7ccb elementor-section-height-min-height elementor-section-boxed elementor-section-height-default elementor-section-items-middle wpr-particle-no wpr-jarallax-no wpr-parallax-no wpr-sticky-section-no wpr-equal-height-no\" data-id=\"c8c7ccb\" data-element_type=\"section\" data-e-type=\"section\" data-settings=\"{&quot;background_background&quot;:&quot;classic&quot;}\">\n\t\t\t\t\t\t<div class=\"elementor-container elementor-column-gap-default\">\n\t\t\t\t\t<div class=\"elementor-column elementor-col-100 elementor-top-column elementor-element elementor-element-aa2b37a\" data-id=\"aa2b37a\" data-element_type=\"column\" data-e-type=\"column\">\n\t\t\t<div class=\"elementor-widget-wrap elementor-element-populated\">\n\t\t\t\t\t\t<div class=\"elementor-element elementor-element-c72a3d4 elementor-widget elementor-widget-heading\" data-id=\"c72a3d4\" data-element_type=\"widget\" data-e-type=\"widget\" data-widget_type=\"heading.default\">\n\t\t\t\t<div class=\"elementor-widget-container\">\n\t\t\t\t\t<h1 class=\"elementor-heading-title elementor-size-default\">SPOTS Compliance<\/h1>\t\t\t\t<\/div>\n\t\t\t\t<\/div>\n\t\t\t\t\t<\/div>\n\t\t<\/div>\n\t\t\t\t\t<\/div>\n\t\t<\/section>\n\t\t\t\t<section class=\"elementor-section elementor-top-section elementor-element elementor-element-8a49ba8 elementor-section-boxed elementor-section-height-default elementor-section-height-default wpr-particle-no wpr-jarallax-no wpr-parallax-no wpr-sticky-section-no wpr-equal-height-no\" data-id=\"8a49ba8\" data-element_type=\"section\" data-e-type=\"section\">\n\t\t\t\t\t\t<div class=\"elementor-container elementor-column-gap-default\">\n\t\t\t\t\t<div class=\"elementor-column elementor-col-100 elementor-top-column elementor-element elementor-element-af4c985\" data-id=\"af4c985\" data-element_type=\"column\" data-e-type=\"column\">\n\t\t\t<div class=\"elementor-widget-wrap elementor-element-populated\">\n\t\t\t\t\t\t<div class=\"elementor-element elementor-element-e6d7e6b elementor-widget elementor-widget-heading\" data-id=\"e6d7e6b\" data-element_type=\"widget\" data-e-type=\"widget\" data-widget_type=\"heading.default\">\n\t\t\t\t<div class=\"elementor-widget-container\">\n\t\t\t\t\t<h1 class=\"elementor-heading-title elementor-size-default\">Regulatorische Grundlagen unserer Zusammenarbeit<\/h1>\t\t\t\t<\/div>\n\t\t\t\t<\/div>\n\t\t\t\t<div class=\"elementor-element elementor-element-1b6431a elementor-widget elementor-widget-text-editor\" data-id=\"1b6431a\" data-element_type=\"widget\" data-e-type=\"widget\" data-widget_type=\"text-editor.default\">\n\t\t\t\t<div class=\"elementor-widget-container\">\n\t\t\t\t\t\t\t\t\t<p>Im Rahmen unserer Gesch\u00e4ftsbeziehungen ist es uns ein besonderes Anliegen, die Einhaltung der Datenschutz-Grundverordnung<br \/>(DSGVO) in allen relevanten Bereichen sicherzustellen.<\/p><p>Dies ist die Einstiegsseite f\u00fcr alle wichtigen Informationen und Regelungen, die f\u00fcr unsere Zusammenarbeit von Bedeutung sind.<\/p><p>Wir empfehlen, diese Seite regelm\u00e4\u00dfig zu besuchen, um stets \u00fcber aktuelle \u00c4nderungen und Neuerungen informiert zu bleiben.<\/p>\t\t\t\t\t\t\t\t<\/div>\n\t\t\t\t<\/div>\n\t\t\t\t\t<\/div>\n\t\t<\/div>\n\t\t\t\t\t<\/div>\n\t\t<\/section>\n\t\t\t\t<section class=\"elementor-section elementor-top-section elementor-element elementor-element-0e83b45 elementor-section-boxed elementor-section-height-default elementor-section-height-default wpr-particle-no wpr-jarallax-no wpr-parallax-no wpr-sticky-section-no wpr-equal-height-no\" data-id=\"0e83b45\" data-element_type=\"section\" data-e-type=\"section\" data-settings=\"{&quot;background_background&quot;:&quot;classic&quot;}\">\n\t\t\t\t\t\t<div class=\"elementor-container elementor-column-gap-wide\">\n\t\t\t\t\t<div class=\"elementor-column elementor-col-50 elementor-top-column elementor-element elementor-element-3a9bd9c elementor-invisible\" data-id=\"3a9bd9c\" data-element_type=\"column\" data-e-type=\"column\" data-settings=\"{&quot;animation&quot;:&quot;slideInLeft&quot;}\">\n\t\t\t<div class=\"elementor-widget-wrap elementor-element-populated\">\n\t\t\t\t\t\t<div class=\"elementor-element elementor-element-f7051b0 elementor-widget elementor-widget-image\" data-id=\"f7051b0\" data-element_type=\"widget\" data-e-type=\"widget\" data-widget_type=\"image.default\">\n\t\t\t\t<div class=\"elementor-widget-container\">\n\t\t\t\t\t\t\t\t\t\t\t\t\t\t\t<img fetchpriority=\"high\" decoding=\"async\" width=\"960\" height=\"639\" src=\"https:\/\/spots-bss.com\/wp-content\/uploads\/2025\/11\/geschaeftsmann-der-elektronische-unterschrift-auf-dokument-sicherheitsschilde-setzt-elektronische-signatur-e-signatur-vorlage-e-sign-zustimmungsvereinbarung-konzeptillustration-1024x682.png\" class=\"attachment-large size-large wp-image-4408\" alt=\"\" srcset=\"https:\/\/spots-bss.com\/wp-content\/uploads\/2025\/11\/geschaeftsmann-der-elektronische-unterschrift-auf-dokument-sicherheitsschilde-setzt-elektronische-signatur-e-signatur-vorlage-e-sign-zustimmungsvereinbarung-konzeptillustration-1024x682.png 1024w, https:\/\/spots-bss.com\/wp-content\/uploads\/2025\/11\/geschaeftsmann-der-elektronische-unterschrift-auf-dokument-sicherheitsschilde-setzt-elektronische-signatur-e-signatur-vorlage-e-sign-zustimmungsvereinbarung-konzeptillustration-300x200.png 300w, https:\/\/spots-bss.com\/wp-content\/uploads\/2025\/11\/geschaeftsmann-der-elektronische-unterschrift-auf-dokument-sicherheitsschilde-setzt-elektronische-signatur-e-signatur-vorlage-e-sign-zustimmungsvereinbarung-konzeptillustration-768x512.png 768w, https:\/\/spots-bss.com\/wp-content\/uploads\/2025\/11\/geschaeftsmann-der-elektronische-unterschrift-auf-dokument-sicherheitsschilde-setzt-elektronische-signatur-e-signatur-vorlage-e-sign-zustimmungsvereinbarung-konzeptillustration-1536x1024.png 1536w, https:\/\/spots-bss.com\/wp-content\/uploads\/2025\/11\/geschaeftsmann-der-elektronische-unterschrift-auf-dokument-sicherheitsschilde-setzt-elektronische-signatur-e-signatur-vorlage-e-sign-zustimmungsvereinbarung-konzeptillustration-18x12.png 18w, https:\/\/spots-bss.com\/wp-content\/uploads\/2025\/11\/geschaeftsmann-der-elektronische-unterschrift-auf-dokument-sicherheitsschilde-setzt-elektronische-signatur-e-signatur-vorlage-e-sign-zustimmungsvereinbarung-konzeptillustration.png 2000w\" sizes=\"(max-width: 960px) 100vw, 960px\" \/>\t\t\t\t\t\t\t\t\t\t\t\t\t\t\t<\/div>\n\t\t\t\t<\/div>\n\t\t\t\t\t<\/div>\n\t\t<\/div>\n\t\t\t\t<div class=\"elementor-column elementor-col-50 elementor-top-column elementor-element elementor-element-302e8ff elementor-invisible\" data-id=\"302e8ff\" data-element_type=\"column\" data-e-type=\"column\" data-settings=\"{&quot;animation&quot;:&quot;slideInRight&quot;}\">\n\t\t\t<div class=\"elementor-widget-wrap elementor-element-populated\">\n\t\t\t\t\t\t<div class=\"elementor-element elementor-element-f6056ad elementor-widget elementor-widget-text-editor\" data-id=\"f6056ad\" data-element_type=\"widget\" data-e-type=\"widget\" data-widget_type=\"text-editor.default\">\n\t\t\t\t<div class=\"elementor-widget-container\">\n\t\t\t\t\t\t\t\t\t<div class=\"hhs-text-content\"><h4>Auftragsverarbeitungsvertrag nach DSGVO<\/h4><p>Aktuelle Vereinbarung zur Auftragsverarbeitung im Sinne des<br \/>Art. 28 DSGVO zwischen den Kunden als Auftraggebern und der SPOTS-BSS GmbH als Auftragsdatenverarbeiter.<\/p><\/div>\t\t\t\t\t\t\t\t<\/div>\n\t\t\t\t<\/div>\n\t\t\t\t<div class=\"elementor-element elementor-element-f83ffa0 wpr-button-icon-position-left wpr-button-icon-style-inline elementor-widget elementor-widget-wpr-button\" data-id=\"f83ffa0\" data-element_type=\"widget\" data-e-type=\"widget\" data-widget_type=\"wpr-button.default\">\n\t\t\t\t<div class=\"elementor-widget-container\">\n\t\t\t\t\t\t\n\t\t\t\n\t\t\n\t\t<div class=\"wpr-button-wrap elementor-clearfix\">\n\t\t<a class=\"wpr-button wpr-button-effect wpr-button-none\" data-text=\"\" href=\"https:\/\/spots-bss.com\/wp-content\/uploads\/2025\/11\/Auftragsverarbeitungsvertrag_SPOTS.pdf\">\n\t\t\t\n\t\t\t<span class=\"wpr-button-content\">\n\t\t\t\t\t\t\t\t\t<span class=\"wpr-button-text\">Vertrag \u00f6ffnen<\/span>\n\t\t\t\t\t\t\t\t\n\t\t\t\t\t\t\t\t\t<span class=\"wpr-button-icon\"><i class=\"fas fa-book\"><\/i><\/span>\n\t\t\t\t\t\t\t<\/span>\n\t\t<\/a>\n\n\t\t\t\t<\/div>\n\t\n\t\n\t\t\t\t\t<\/div>\n\t\t\t\t<\/div>\n\t\t\t\t\t<\/div>\n\t\t<\/div>\n\t\t\t\t\t<\/div>\n\t\t<\/section>\n\t\t\t\t<section class=\"elementor-section elementor-top-section elementor-element elementor-element-8a4d8d4 elementor-section-boxed elementor-section-height-default elementor-section-height-default wpr-particle-no wpr-jarallax-no wpr-parallax-no wpr-sticky-section-no wpr-equal-height-no\" data-id=\"8a4d8d4\" data-element_type=\"section\" data-e-type=\"section\">\n\t\t\t\t\t\t<div class=\"elementor-container elementor-column-gap-default\">\n\t\t\t\t\t<div class=\"elementor-column elementor-col-100 elementor-top-column elementor-element elementor-element-1228d3d\" data-id=\"1228d3d\" data-element_type=\"column\" data-e-type=\"column\">\n\t\t\t<div class=\"elementor-widget-wrap elementor-element-populated\">\n\t\t\t\t\t\t<div class=\"elementor-element elementor-element-32dd51b elementor-widget elementor-widget-spacer\" data-id=\"32dd51b\" data-element_type=\"widget\" data-e-type=\"widget\" data-widget_type=\"spacer.default\">\n\t\t\t\t<div class=\"elementor-widget-container\">\n\t\t\t\t\t\t\t<div class=\"elementor-spacer\">\n\t\t\t<div class=\"elementor-spacer-inner\"><\/div>\n\t\t<\/div>\n\t\t\t\t\t\t<\/div>\n\t\t\t\t<\/div>\n\t\t\t\t\t<\/div>\n\t\t<\/div>\n\t\t\t\t\t<\/div>\n\t\t<\/section>\n\t\t\t\t<\/div>","protected":false},"excerpt":{"rendered":"<p>SPOTS Compliance Regulatorische Grundlagen unserer Zusammenarbeit Im Rahmen unserer Gesch\u00e4ftsbeziehungen ist es uns ein besonderes Anliegen, die Einhaltung der Datenschutz-Grundverordnung(DSGVO) in allen relevanten Bereichen sicherzustellen. Dies ist die Einstiegsseite f\u00fcr alle wichtigen Informationen und Regelungen, die f\u00fcr unsere Zusammenarbeit von Bedeutung sind. Wir empfehlen, diese Seite regelm\u00e4\u00dfig zu besuchen, um stets \u00fcber aktuelle \u00c4nderungen und Neuerungen informiert zu bleiben. Auftragsverarbeitungsvertrag nach DSGVO Aktuelle Vereinbarung zur Auftragsverarbeitung im Sinne desArt. 28 DSGVO zwischen den Kunden als Auftraggebern und der SPOTS-BSS GmbH als Auftragsdatenverarbeiter. Vertrag \u00f6ffnen<\/p>","protected":false},"author":1,"featured_media":0,"parent":0,"menu_order":0,"comment_status":"closed","ping_status":"closed","template":"elementor_canvas","meta":{"footnotes":""},"class_list":["post-4409","page","type-page","status-publish","hentry"],"yoast_head":"<!-- This site is optimized with the Yoast SEO plugin v27.3 - https:\/\/yoast.com\/product\/yoast-seo-wordpress\/ -->\n<title>Compliance - Spots-BSS<\/title>\n<meta name=\"robots\" content=\"index, follow, max-snippet:-1, max-image-preview:large, max-video-preview:-1\" \/>\n<link rel=\"canonical\" href=\"https:\/\/spots-bss.com\/en\/compliance\/\" \/>\n<meta property=\"og:locale\" content=\"en_GB\" \/>\n<meta property=\"og:type\" content=\"article\" \/>\n<meta property=\"og:title\" content=\"Compliance - Spots-BSS\" \/>\n<meta property=\"og:description\" content=\"SPOTS Compliance Regulatorische Grundlagen unserer Zusammenarbeit Im Rahmen unserer Gesch\u00e4ftsbeziehungen ist es uns ein besonderes Anliegen, die Einhaltung der Datenschutz-Grundverordnung(DSGVO) in allen relevanten Bereichen sicherzustellen. Dies ist die Einstiegsseite f\u00fcr alle wichtigen Informationen und Regelungen, die f\u00fcr unsere Zusammenarbeit von Bedeutung sind. Wir empfehlen, diese Seite regelm\u00e4\u00dfig zu besuchen, um stets \u00fcber aktuelle \u00c4nderungen und Neuerungen informiert zu bleiben. Auftragsverarbeitungsvertrag nach DSGVO Aktuelle Vereinbarung zur Auftragsverarbeitung im Sinne desArt. 28 DSGVO zwischen den Kunden als Auftraggebern und der SPOTS-BSS GmbH als Auftragsdatenverarbeiter. Vertrag \u00f6ffnen\" \/>\n<meta property=\"og:url\" content=\"https:\/\/spots-bss.com\/en\/compliance\/\" \/>\n<meta property=\"og:site_name\" content=\"Spots-BSS\" \/>\n<meta property=\"article:modified_time\" content=\"2025-11-05T09:59:02+00:00\" \/>\n<meta property=\"og:image\" content=\"https:\/\/spots-bss.com\/wp-content\/uploads\/2025\/11\/geschaeftsmann-der-elektronische-unterschrift-auf-dokument-sicherheitsschilde-setzt-elektronische-signatur-e-signatur-vorlage-e-sign-zustimmungsvereinbarung-konzeptillustration.png\" \/>\n\t<meta property=\"og:image:width\" content=\"2000\" \/>\n\t<meta property=\"og:image:height\" content=\"1333\" \/>\n\t<meta property=\"og:image:type\" content=\"image\/png\" \/>\n<meta name=\"twitter:card\" content=\"summary_large_image\" \/>\n<meta name=\"twitter:label1\" content=\"Estimated reading time\" \/>\n\t<meta name=\"twitter:data1\" content=\"1 minute\" \/>\n<script type=\"application\/ld+json\" class=\"yoast-schema-graph\">{\"@context\":\"https:\\\/\\\/schema.org\",\"@graph\":[{\"@type\":\"WebPage\",\"@id\":\"https:\\\/\\\/spots-bss.com\\\/compliance\\\/\",\"url\":\"https:\\\/\\\/spots-bss.com\\\/compliance\\\/\",\"name\":\"Compliance - Spots-BSS\",\"isPartOf\":{\"@id\":\"https:\\\/\\\/spots-bss.com\\\/#website\"},\"primaryImageOfPage\":{\"@id\":\"https:\\\/\\\/spots-bss.com\\\/compliance\\\/#primaryimage\"},\"image\":{\"@id\":\"https:\\\/\\\/spots-bss.com\\\/compliance\\\/#primaryimage\"},\"thumbnailUrl\":\"https:\\\/\\\/spots-bss.com\\\/wp-content\\\/uploads\\\/2025\\\/11\\\/geschaeftsmann-der-elektronische-unterschrift-auf-dokument-sicherheitsschilde-setzt-elektronische-signatur-e-signatur-vorlage-e-sign-zustimmungsvereinbarung-konzeptillustration-1024x682.png\",\"datePublished\":\"2025-11-04T13:16:54+00:00\",\"dateModified\":\"2025-11-05T09:59:02+00:00\",\"inLanguage\":\"en-GB\",\"potentialAction\":[{\"@type\":\"ReadAction\",\"target\":[\"https:\\\/\\\/spots-bss.com\\\/compliance\\\/\"]}]},{\"@type\":\"ImageObject\",\"inLanguage\":\"en-GB\",\"@id\":\"https:\\\/\\\/spots-bss.com\\\/compliance\\\/#primaryimage\",\"url\":\"https:\\\/\\\/spots-bss.com\\\/wp-content\\\/uploads\\\/2025\\\/11\\\/geschaeftsmann-der-elektronische-unterschrift-auf-dokument-sicherheitsschilde-setzt-elektronische-signatur-e-signatur-vorlage-e-sign-zustimmungsvereinbarung-konzeptillustration-1024x682.png\",\"contentUrl\":\"https:\\\/\\\/spots-bss.com\\\/wp-content\\\/uploads\\\/2025\\\/11\\\/geschaeftsmann-der-elektronische-unterschrift-auf-dokument-sicherheitsschilde-setzt-elektronische-signatur-e-signatur-vorlage-e-sign-zustimmungsvereinbarung-konzeptillustration-1024x682.png\"},{\"@type\":\"WebSite\",\"@id\":\"https:\\\/\\\/spots-bss.com\\\/#website\",\"url\":\"https:\\\/\\\/spots-bss.com\\\/\",\"name\":\"Spots-BSS\",\"description\":\"Gemeinsam Ziele erreichen!\",\"publisher\":{\"@id\":\"https:\\\/\\\/spots-bss.com\\\/#organization\"},\"potentialAction\":[{\"@type\":\"SearchAction\",\"target\":{\"@type\":\"EntryPoint\",\"urlTemplate\":\"https:\\\/\\\/spots-bss.com\\\/?s={search_term_string}\"},\"query-input\":{\"@type\":\"PropertyValueSpecification\",\"valueRequired\":true,\"valueName\":\"search_term_string\"}}],\"inLanguage\":\"en-GB\"},{\"@type\":\"Organization\",\"@id\":\"https:\\\/\\\/spots-bss.com\\\/#organization\",\"name\":\"Spots-BSS\",\"url\":\"https:\\\/\\\/spots-bss.com\\\/\",\"logo\":{\"@type\":\"ImageObject\",\"inLanguage\":\"en-GB\",\"@id\":\"https:\\\/\\\/spots-bss.com\\\/#\\\/schema\\\/logo\\\/image\\\/\",\"url\":\"https:\\\/\\\/spots-bss.com\\\/wp-content\\\/uploads\\\/2024\\\/03\\\/spots-int-scaled.webp\",\"contentUrl\":\"https:\\\/\\\/spots-bss.com\\\/wp-content\\\/uploads\\\/2024\\\/03\\\/spots-int-scaled.webp\",\"width\":2560,\"height\":780,\"caption\":\"Spots-BSS\"},\"image\":{\"@id\":\"https:\\\/\\\/spots-bss.com\\\/#\\\/schema\\\/logo\\\/image\\\/\"}}]}<\/script>\n<!-- \/ Yoast SEO plugin. -->","yoast_head_json":{"title":"Compliance - Spots-BSS","robots":{"index":"index","follow":"follow","max-snippet":"max-snippet:-1","max-image-preview":"max-image-preview:large","max-video-preview":"max-video-preview:-1"},"canonical":"https:\/\/spots-bss.com\/en\/compliance\/","og_locale":"en_GB","og_type":"article","og_title":"Compliance - Spots-BSS","og_description":"SPOTS Compliance Regulatorische Grundlagen unserer Zusammenarbeit Im Rahmen unserer Gesch\u00e4ftsbeziehungen ist es uns ein besonderes Anliegen, die Einhaltung der Datenschutz-Grundverordnung(DSGVO) in allen relevanten Bereichen sicherzustellen. Dies ist die Einstiegsseite f\u00fcr alle wichtigen Informationen und Regelungen, die f\u00fcr unsere Zusammenarbeit von Bedeutung sind. Wir empfehlen, diese Seite regelm\u00e4\u00dfig zu besuchen, um stets \u00fcber aktuelle \u00c4nderungen und Neuerungen informiert zu bleiben. Auftragsverarbeitungsvertrag nach DSGVO Aktuelle Vereinbarung zur Auftragsverarbeitung im Sinne desArt. 28 DSGVO zwischen den Kunden als Auftraggebern und der SPOTS-BSS GmbH als Auftragsdatenverarbeiter. Vertrag \u00f6ffnen","og_url":"https:\/\/spots-bss.com\/en\/compliance\/","og_site_name":"Spots-BSS","article_modified_time":"2025-11-05T09:59:02+00:00","og_image":[{"width":2000,"height":1333,"url":"https:\/\/spots-bss.com\/wp-content\/uploads\/2025\/11\/geschaeftsmann-der-elektronische-unterschrift-auf-dokument-sicherheitsschilde-setzt-elektronische-signatur-e-signatur-vorlage-e-sign-zustimmungsvereinbarung-konzeptillustration.png","type":"image\/png"}],"twitter_card":"summary_large_image","twitter_misc":{"Estimated reading time":"1 minute"},"schema":{"@context":"https:\/\/schema.org","@graph":[{"@type":"WebPage","@id":"https:\/\/spots-bss.com\/compliance\/","url":"https:\/\/spots-bss.com\/compliance\/","name":"Compliance - Spots-BSS","isPartOf":{"@id":"https:\/\/spots-bss.com\/#website"},"primaryImageOfPage":{"@id":"https:\/\/spots-bss.com\/compliance\/#primaryimage"},"image":{"@id":"https:\/\/spots-bss.com\/compliance\/#primaryimage"},"thumbnailUrl":"https:\/\/spots-bss.com\/wp-content\/uploads\/2025\/11\/geschaeftsmann-der-elektronische-unterschrift-auf-dokument-sicherheitsschilde-setzt-elektronische-signatur-e-signatur-vorlage-e-sign-zustimmungsvereinbarung-konzeptillustration-1024x682.png","datePublished":"2025-11-04T13:16:54+00:00","dateModified":"2025-11-05T09:59:02+00:00","inLanguage":"en-GB","potentialAction":[{"@type":"ReadAction","target":["https:\/\/spots-bss.com\/compliance\/"]}]},{"@type":"ImageObject","inLanguage":"en-GB","@id":"https:\/\/spots-bss.com\/compliance\/#primaryimage","url":"https:\/\/spots-bss.com\/wp-content\/uploads\/2025\/11\/geschaeftsmann-der-elektronische-unterschrift-auf-dokument-sicherheitsschilde-setzt-elektronische-signatur-e-signatur-vorlage-e-sign-zustimmungsvereinbarung-konzeptillustration-1024x682.png","contentUrl":"https:\/\/spots-bss.com\/wp-content\/uploads\/2025\/11\/geschaeftsmann-der-elektronische-unterschrift-auf-dokument-sicherheitsschilde-setzt-elektronische-signatur-e-signatur-vorlage-e-sign-zustimmungsvereinbarung-konzeptillustration-1024x682.png"},{"@type":"WebSite","@id":"https:\/\/spots-bss.com\/#website","url":"https:\/\/spots-bss.com\/","name":"Spots-BSS","description":"Achieving goals together!","publisher":{"@id":"https:\/\/spots-bss.com\/#organization"},"potentialAction":[{"@type":"SearchAction","target":{"@type":"EntryPoint","urlTemplate":"https:\/\/spots-bss.com\/?s={search_term_string}"},"query-input":{"@type":"PropertyValueSpecification","valueRequired":true,"valueName":"search_term_string"}}],"inLanguage":"en-GB"},{"@type":"Organization","@id":"https:\/\/spots-bss.com\/#organization","name":"Spots-BSS","url":"https:\/\/spots-bss.com\/","logo":{"@type":"ImageObject","inLanguage":"en-GB","@id":"https:\/\/spots-bss.com\/#\/schema\/logo\/image\/","url":"https:\/\/spots-bss.com\/wp-content\/uploads\/2024\/03\/spots-int-scaled.webp","contentUrl":"https:\/\/spots-bss.com\/wp-content\/uploads\/2024\/03\/spots-int-scaled.webp","width":2560,"height":780,"caption":"Spots-BSS"},"image":{"@id":"https:\/\/spots-bss.com\/#\/schema\/logo\/image\/"}}]}},"_links":{"self":[{"href":"https:\/\/spots-bss.com\/en\/wp-json\/wp\/v2\/pages\/4409","targetHints":{"allow":["GET"]}}],"collection":[{"href":"https:\/\/spots-bss.com\/en\/wp-json\/wp\/v2\/pages"}],"about":[{"href":"https:\/\/spots-bss.com\/en\/wp-json\/wp\/v2\/types\/page"}],"author":[{"embeddable":true,"href":"https:\/\/spots-bss.com\/en\/wp-json\/wp\/v2\/users\/1"}],"replies":[{"embeddable":true,"href":"https:\/\/spots-bss.com\/en\/wp-json\/wp\/v2\/comments?post=4409"}],"version-history":[{"count":24,"href":"https:\/\/spots-bss.com\/en\/wp-json\/wp\/v2\/pages\/4409\/revisions"}],"predecessor-version":[{"id":4468,"href":"https:\/\/spots-bss.com\/en\/wp-json\/wp\/v2\/pages\/4409\/revisions\/4468"}],"wp:attachment":[{"href":"https:\/\/spots-bss.com\/en\/wp-json\/wp\/v2\/media?parent=4409"}],"curies":[{"name":"wp","href":"https:\/\/api.w.org\/{rel}","templated":true}]}}